{"id":397,"date":"2025-11-06T08:14:48","date_gmt":"2025-11-06T07:14:48","guid":{"rendered":"https:\/\/www.linkarya.com\/international-global-mobility\/"},"modified":"2025-12-30T12:22:58","modified_gmt":"2025-12-30T11:22:58","slug":"international-global-mobility","status":"publish","type":"page","link":"https:\/\/www.linkarya.com\/en\/international-global-mobility\/","title":{"rendered":"International Global Mobility"},"content":{"rendered":"<section class=\"l-section wpb_row height_auto color_primary with_img\"><div class=\"l-section-img\" role=\"img\" aria-label=\"Improve your cultural adaptation and your communication in a new work environment.\" data-img-width=\"1500\" data-img-height=\"750\" style=\"background-image: url(https:\/\/www.linkarya.com\/wp-content\/uploads\/2025\/11\/Mejora-tu-adaptacion-cultural-y-tu-comunicacion-en-un-nuevo-entorno-laboral.jpg);background-position: top center;\"><\/div><div class=\"l-section-overlay\" style=\"background:var(--color-custom-grad, var(--color-custom) )\"><\/div><div class=\"l-section-h i-cf\"><div class=\"g-cols vc_row via_grid cols_1 laptops-cols_inherit tablets-cols_inherit mobiles-cols_1 valign_top type_default stacking_default\"><div class=\"wpb_column vc_column_container\"><div class=\"vc_column-inner\"><div class=\"w-vwrapper us_custom_92736a44 align_none valign_middle\"><h1 class=\"w-text us_custom_e4036a2f\"><span class=\"w-text-h\"><span class=\"w-text-value\">International Coaching for those who live and work abroad<\/span><\/span><\/h1><\/div><\/div><\/div><\/div><\/div><\/section><section class=\"l-section wpb_row height_medium\"><div class=\"l-section-h i-cf\"><div class=\"g-cols vc_row via_grid cols_2 laptops-cols_inherit tablets-cols_inherit mobiles-cols_1 valign_top type_default stacking_default\"><div class=\"wpb_column vc_column_container\"><div class=\"vc_column-inner\"><h2 class=\"w-text\"><span class=\"w-text-h\"><span class=\"w-text-value\">Between two lands, a single purpose will unite you<\/span><\/span><\/h2><div class=\"wpb_text_column\"><div class=\"wpb_wrapper\"><p>We support people who develop their professional lives in other countries or in multicultural contexts. We help you maintain your balance, your identity, and your well-being while you adapt to new ways of communicating, working, and relating. <\/p>\n<p>Changing countries for work involves much more than a new role. It is about rebuilding yourself, starting from scratch, whether you are alone or accompanied. At LINKARYA, we offer a comprehensive support service for professionals in international mobility processes: families and individuals in the process of relocation, expatriates, remote workers, freelance nomads, or leaders who manage multicultural teams in a new country.<\/p>\n<\/div><\/div><\/div><\/div><div class=\"wpb_column vc_column_container us_custom_10f3e8d1 has_bg_color\"><div class=\"vc_column-inner\"><\/div><\/div><\/div><\/div><\/section><section class=\"l-section wpb_row height_medium color_primary\"><div class=\"l-section-h i-cf\"><div class=\"g-cols vc_row via_grid cols_2-3 laptops-cols_inherit tablets-cols_inherit mobiles-cols_1 valign_top type_default stacking_default\"><div class=\"wpb_column vc_column_container\"><div class=\"vc_column-inner\"><h2 class=\"w-text\"><span class=\"w-text-h\"><span class=\"w-text-value\">Is this process for you?<\/span><\/span><\/h2><div class=\"wpb_text_column\"><div class=\"wpb_wrapper\"><p>Each case is unique, but all share the need to find balance, belonging, and coherence between who you are and the environment in which you live.<\/p>\n<p>If you recognize yourself in any of these situations, this program is designed for you:<\/p>\n<\/div><\/div><\/div><\/div><div class=\"wpb_column vc_column_container\"><div class=\"vc_column-inner\"><div class=\"g-cols wpb_row via_grid cols_1 laptops-cols_inherit tablets-cols_inherit mobiles-cols_1 valign_top type_default stacking_default\" style=\"--columns-gap:0.8rem;\"><div class=\"wpb_column vc_column_container\"><div class=\"vc_column-inner\"><div class=\"w-hwrapper valign_top align_none\" style=\"--hwrapper-gap:0.8rem\"><div class=\"w-iconbox iconpos_top style_default color_secondary align_left no_text no_title\"><div class=\"w-iconbox-icon\" style=\"font-size:30px;\"><i class=\"material-icons\">check_circle<\/i><\/div><div class=\"w-iconbox-meta\"><\/div><\/div><div class=\"wpb_text_column\"><div class=\"wpb_wrapper\"><p>You have moved for work (or are going to) to another country.<\/p>\n<\/div><\/div><\/div><\/div><\/div><div class=\"wpb_column vc_column_container\"><div class=\"vc_column-inner\"><div class=\"w-hwrapper valign_top align_none\" style=\"--hwrapper-gap:0.8rem\"><div class=\"w-iconbox iconpos_top style_default color_secondary align_left no_text no_title\"><div class=\"w-iconbox-icon\" style=\"font-size:30px;\"><i class=\"material-icons\">check_circle<\/i><\/div><div class=\"w-iconbox-meta\"><\/div><\/div><div class=\"wpb_text_column\"><div class=\"wpb_wrapper\"><p>You feel disoriented or emotionally exhausted.<\/p>\n<\/div><\/div><\/div><\/div><\/div><div class=\"wpb_column vc_column_container\"><div class=\"vc_column-inner\"><div class=\"w-hwrapper valign_top align_none\" style=\"--hwrapper-gap:0.8rem\"><div class=\"w-iconbox iconpos_top style_default color_secondary align_left no_text no_title\"><div class=\"w-iconbox-icon\" style=\"font-size:30px;\"><i class=\"material-icons\">check_circle<\/i><\/div><div class=\"w-iconbox-meta\"><\/div><\/div><div class=\"wpb_text_column\"><div class=\"wpb_wrapper\"><p>It is difficult to adapt to the environment, language, or pace of the country.<\/p>\n<\/div><\/div><\/div><\/div><\/div><div class=\"wpb_column vc_column_container\"><div class=\"vc_column-inner\"><div class=\"w-hwrapper valign_top align_none\" style=\"--hwrapper-gap:0.8rem\"><div class=\"w-iconbox iconpos_top style_default color_secondary align_left no_text no_title\"><div class=\"w-iconbox-icon\" style=\"font-size:30px;\"><i class=\"material-icons\">check_circle<\/i><\/div><div class=\"w-iconbox-meta\"><\/div><\/div><div class=\"wpb_text_column\"><div class=\"wpb_wrapper\"><p>The pressure to \u201cbe well and perform\u201d from day one is overwhelming.<\/p>\n<\/div><\/div><\/div><\/div><\/div><div class=\"wpb_column vc_column_container\"><div class=\"vc_column-inner\"><div class=\"w-hwrapper valign_top align_none\" style=\"--hwrapper-gap:0.8rem\"><div class=\"w-iconbox iconpos_top style_default color_secondary align_left no_text no_title\"><div class=\"w-iconbox-icon\" style=\"font-size:30px;\"><i class=\"material-icons\">check_circle<\/i><\/div><div class=\"w-iconbox-meta\"><\/div><\/div><div class=\"wpb_text_column\"><div class=\"wpb_wrapper\"><p>You feel you need a space for yourself, without judgment.<\/p>\n<\/div><\/div><\/div><\/div><\/div><\/div><\/div><\/div><\/div><\/div><\/section><section class=\"l-section wpb_row height_medium\"><div class=\"l-section-h i-cf\"><div class=\"g-cols vc_row via_grid cols_2 laptops-cols_inherit tablets-cols_inherit mobiles-cols_1 valign_top type_default reversed stacking_default\"><div class=\"wpb_column vc_column_container us_custom_f3ec5eee has_bg_color\"><div class=\"vc_column-inner\"><\/div><\/div><div class=\"wpb_column vc_column_container\"><div class=\"vc_column-inner\"><h2 class=\"w-text\"><span class=\"w-text-h\"><span class=\"w-text-value\">What we work on with you<\/span><\/span><\/h2><div class=\"wpb_text_column\"><div class=\"wpb_wrapper\"><p>The international coaching process helps you build a solid foundation for your well-being and professional development in a new environment.<\/p>\n<\/div><\/div><div class=\"w-separator size_small\"><\/div><div class=\"g-cols wpb_row via_grid cols_1 laptops-cols_inherit tablets-cols_inherit mobiles-cols_1 valign_top type_default stacking_default\" style=\"--columns-gap:0.8rem;\"><div class=\"wpb_column vc_column_container\"><div class=\"vc_column-inner\"><div class=\"w-hwrapper valign_top align_none\" style=\"--hwrapper-gap:0.8rem\"><div class=\"w-iconbox iconpos_top style_default color_secondary align_left no_text no_title\"><div class=\"w-iconbox-icon\" style=\"font-size:30px;\"><i class=\"material-icons\">check_circle<\/i><\/div><div class=\"w-iconbox-meta\"><\/div><\/div><div class=\"wpb_text_column\"><div class=\"wpb_wrapper\"><p>Emotional adaptation and management of cultural change.<\/p>\n<\/div><\/div><\/div><\/div><\/div><div class=\"wpb_column vc_column_container\"><div class=\"vc_column-inner\"><div class=\"w-hwrapper valign_top align_none\" style=\"--hwrapper-gap:0.8rem\"><div class=\"w-iconbox iconpos_top style_default color_secondary align_left no_text no_title\"><div class=\"w-iconbox-icon\" style=\"font-size:30px;\"><i class=\"material-icons\">check_circle<\/i><\/div><div class=\"w-iconbox-meta\"><\/div><\/div><div class=\"wpb_text_column\"><div class=\"wpb_wrapper\"><p>Cultural acceptance without losing your identity.<\/p>\n<\/div><\/div><\/div><\/div><\/div><div class=\"wpb_column vc_column_container\"><div class=\"vc_column-inner\"><div class=\"w-hwrapper valign_top align_none\" style=\"--hwrapper-gap:0.8rem\"><div class=\"w-iconbox iconpos_top style_default color_secondary align_left no_text no_title\"><div class=\"w-iconbox-icon\" style=\"font-size:30px;\"><i class=\"material-icons\">check_circle<\/i><\/div><div class=\"w-iconbox-meta\"><\/div><\/div><div class=\"wpb_text_column\"><div class=\"wpb_wrapper\"><p>Effective communication in diverse cultural environments.<\/p>\n<\/div><\/div><\/div><\/div><\/div><div class=\"wpb_column vc_column_container\"><div class=\"vc_column-inner\"><div class=\"w-hwrapper valign_top align_none\" style=\"--hwrapper-gap:0.8rem\"><div class=\"w-iconbox iconpos_top style_default color_secondary align_left no_text no_title\"><div class=\"w-iconbox-icon\" style=\"font-size:30px;\"><i class=\"material-icons\">check_circle<\/i><\/div><div class=\"w-iconbox-meta\"><\/div><\/div><div class=\"wpb_text_column\"><div class=\"wpb_wrapper\"><p>Management of migratory and emotional stress.<\/p>\n<\/div><\/div><\/div><\/div><\/div><div class=\"wpb_column vc_column_container\"><div class=\"vc_column-inner\"><div class=\"w-hwrapper valign_top align_none\" style=\"--hwrapper-gap:0.8rem\"><div class=\"w-iconbox iconpos_top style_default color_secondary align_left no_text no_title\"><div class=\"w-iconbox-icon\" style=\"font-size:30px;\"><i class=\"material-icons\">check_circle<\/i><\/div><div class=\"w-iconbox-meta\"><\/div><\/div><div class=\"wpb_text_column\"><div class=\"wpb_wrapper\"><p>Connection with your new context without losing your essence.<\/p>\n<\/div><\/div><\/div><\/div><\/div><div class=\"wpb_column vc_column_container\"><div class=\"vc_column-inner\"><div class=\"w-hwrapper valign_top align_none\" style=\"--hwrapper-gap:0.8rem\"><div class=\"w-iconbox iconpos_top style_default color_secondary align_left no_text no_title\"><div class=\"w-iconbox-icon\" style=\"font-size:30px;\"><i class=\"material-icons\">check_circle<\/i><\/div><div class=\"w-iconbox-meta\"><\/div><\/div><div class=\"wpb_text_column\"><div class=\"wpb_wrapper\"><p>Authentic leadership despite change and distance.<\/p>\n<\/div><\/div><\/div><\/div><\/div><div class=\"wpb_column vc_column_container\"><div class=\"vc_column-inner\"><div class=\"w-hwrapper valign_top align_none\" style=\"--hwrapper-gap:0.8rem\"><div class=\"w-iconbox iconpos_top style_default color_secondary align_left no_text no_title\"><div class=\"w-iconbox-icon\" style=\"font-size:30px;\"><i class=\"material-icons\">check_circle<\/i><\/div><div class=\"w-iconbox-meta\"><\/div><\/div><div class=\"wpb_text_column\"><div class=\"wpb_wrapper\"><p>Integration and belonging in your new professional context.<\/p>\n<\/div><\/div><\/div><\/div><\/div><\/div><\/div><\/div><\/div><\/div><\/section><section class=\"l-section wpb_row height_medium color_alternate\"><div class=\"l-section-h i-cf\"><div class=\"g-cols vc_row via_grid cols_1 laptops-cols_inherit tablets-cols_inherit mobiles-cols_1 valign_top type_default stacking_default\"><div class=\"wpb_column vc_column_container\"><div class=\"vc_column-inner\"><h2 class=\"w-text\"><span class=\"w-text-h\"><span class=\"w-text-value\">Our unique approach: The LINKARYA model (4K\u00b4s)<\/span><\/span><\/h2><div class=\"wpb_text_column\"><div class=\"wpb_wrapper\"><p>All individual sessions are conducted online in a trusted and confidential environment.<\/p>\n<p>You will have close support, practical tools, and monitoring to ensure real results.<\/p>\n<p>We work in Spanish and English.\u201d We adapt the process to your times and needs:<\/p>\n<\/div><\/div><div class=\"w-separator size_small\"><\/div><div class=\"g-cols wpb_row via_grid cols_4 laptops-cols_inherit tablets-cols_inherit mobiles-cols_1 valign_top type_default stacking_default\" style=\"--columns-gap:30px;\"><div class=\"wpb_column vc_column_container us_custom_c1fafa5f has_bg_color\"><div class=\"vc_column-inner\"><div class=\"wpb_text_column\"><div class=\"wpb_wrapper\"><p>Individual 60-minute sessions in Spanish or English.<\/p>\n<\/div><\/div><\/div><\/div><div class=\"wpb_column vc_column_container us_custom_c1fafa5f has_bg_color\"><div class=\"vc_column-inner\"><div class=\"wpb_text_column\"><div class=\"wpb_wrapper\"><p>Integration, belonging, and effectiveness in the new ecosystem.<\/p>\n<\/div><\/div><\/div><\/div><div class=\"wpb_column vc_column_container us_custom_c1fafa5f has_bg_color\"><div class=\"vc_column-inner\"><div class=\"wpb_text_column\"><div class=\"wpb_wrapper\"><p>Reflections, dynamics, and coaching exercises.<\/p>\n<\/div><\/div><\/div><\/div><div class=\"wpb_column vc_column_container us_custom_c1fafa5f has_bg_color\"><div class=\"vc_column-inner\"><div class=\"wpb_text_column\"><div class=\"wpb_wrapper\"><p>Develop effective and realistic action plans for your situation.<\/p>\n<\/div><\/div><\/div><\/div><\/div><\/div><\/div><\/div><\/div><\/section><section class=\"l-section wpb_row height_medium\"><div class=\"l-section-h i-cf\"><div class=\"g-cols vc_row via_grid cols_1 laptops-cols_inherit tablets-cols_inherit mobiles-cols_1 valign_top type_default stacking_default\"><div class=\"wpb_column vc_column_container us_custom_0e1215f5 has_text_color has_bg_color\"><div class=\"vc_column-inner\"><div class=\"g-cols wpb_row via_grid cols_1-2 laptops-cols_inherit tablets-cols_inherit mobiles-cols_1 valign_top type_default reversed stacking_default\" style=\"--columns-gap:3rem;\"><div class=\"wpb_column vc_column_container us_custom_bccabb37 has_bg_color\"><div class=\"vc_column-inner\"><\/div><\/div><div class=\"wpb_column vc_column_container us_custom_e2368e3e\"><div class=\"vc_column-inner\"><h2 class=\"w-text\"><span class=\"w-text-h\"><span class=\"w-text-value\">Take the first step towards your new stage<\/span><\/span><\/h2><div class=\"wpb_text_column\"><div class=\"wpb_wrapper\"><p>We want to accompany you in this process of adaptation and growth. Schedule a first free session to meet us and discover how we can help you communicate with confidence and clarity in your new professional environment.<\/p>\n<\/div><\/div><div class=\"w-separator size_small\"><\/div><div class=\"w-hwrapper valign_top align_justify\"><div class=\"w-btn-wrapper align_left\"><a class=\"w-btn us-btn-style_1\" href=\"https:\/\/calendly.com\/booking-cita\/session?month=2025-11\"><span class=\"w-btn-label\">Book your first session<\/span><\/a><\/div><div class=\"w-btn-wrapper align_none\"><a class=\"w-btn us-btn-style_1\" href=\"https:\/\/www.linkarya.com\/contacto\/\"><span class=\"w-btn-label\">Contact LINKARYA<\/span><\/a><\/div><\/div><\/div><\/div><\/div><\/div><\/div><\/div><\/div><\/section>\n","protected":false},"excerpt":{"rendered":"International Coaching for those who live and work abroadBetween two lands, a single purpose will unite youWe support people who develop their professional lives in other countries or in multicultural contexts. We help you maintain your balance, your identity, and your well-being while you adapt to new ways of communicating, working, and relating. Changing countries...","protected":false},"author":1,"featured_media":0,"parent":0,"menu_order":0,"comment_status":"closed","ping_status":"closed","template":"","meta":{"footnotes":""},"class_list":["post-397","page","type-page","status-publish","hentry"],"yoast_head":"<!-- This site is optimized with the Yoast SEO plugin v27.4 - https:\/\/yoast.com\/product\/yoast-seo-wordpress\/ -->\n<title>International coaching for global mobility professionals | LINKARYA<\/title>\n<meta name=\"description\" content=\"Support for expatriates, digital nomads, and international professionals. Improve your cultural adaptation and communication with LINKARYA.\" \/>\n<meta name=\"robots\" content=\"noindex, follow, max-snippet:-1, max-image-preview:large, max-video-preview:-1\" \/>\n<meta property=\"og:locale\" content=\"en_US\" \/>\n<meta property=\"og:type\" content=\"article\" \/>\n<meta property=\"og:title\" content=\"International coaching for global mobility professionals | LINKARYA\" \/>\n<meta property=\"og:description\" content=\"Support for expatriates, digital nomads, and international professionals. Improve your cultural adaptation and communication with LINKARYA.\" \/>\n<meta property=\"og:url\" content=\"https:\/\/www.linkarya.com\/en\/international-global-mobility\/\" \/>\n<meta property=\"og:site_name\" content=\"Linkarya\" \/>\n<meta property=\"article:modified_time\" content=\"2025-12-30T11:22:58+00:00\" \/>\n<meta name=\"twitter:card\" content=\"summary_large_image\" \/>\n<meta name=\"twitter:label1\" content=\"Est. reading time\" \/>\n\t<meta name=\"twitter:data1\" content=\"8 minutes\" \/>\n<!-- \/ Yoast SEO plugin. -->","yoast_head_json":{"title":"International coaching for global mobility professionals | LINKARYA","description":"Support for expatriates, digital nomads, and international professionals. Improve your cultural adaptation and communication with LINKARYA.","robots":{"index":"noindex","follow":"follow","max-snippet":"max-snippet:-1","max-image-preview":"max-image-preview:large","max-video-preview":"max-video-preview:-1"},"og_locale":"en_US","og_type":"article","og_title":"International coaching for global mobility professionals | LINKARYA","og_description":"Support for expatriates, digital nomads, and international professionals. Improve your cultural adaptation and communication with LINKARYA.","og_url":"https:\/\/www.linkarya.com\/en\/international-global-mobility\/","og_site_name":"Linkarya","article_modified_time":"2025-12-30T11:22:58+00:00","twitter_card":"summary_large_image","twitter_misc":{"Est. reading time":"8 minutes"},"schema":{"@context":"https:\/\/schema.org","@graph":[{"@type":"WebPage","@id":"https:\/\/www.linkarya.com\/en\/international-global-mobility\/","url":"https:\/\/www.linkarya.com\/en\/international-global-mobility\/","name":"International coaching for global mobility professionals | LINKARYA","isPartOf":{"@id":"https:\/\/www.linkarya.com\/en\/#website"},"datePublished":"2025-11-06T07:14:48+00:00","dateModified":"2025-12-30T11:22:58+00:00","description":"Support for expatriates, digital nomads, and international professionals. Improve your cultural adaptation and communication with LINKARYA.","breadcrumb":{"@id":"https:\/\/www.linkarya.com\/en\/international-global-mobility\/#breadcrumb"},"inLanguage":"en-US","potentialAction":[{"@type":"ReadAction","target":["https:\/\/www.linkarya.com\/en\/international-global-mobility\/"]}]},{"@type":"BreadcrumbList","@id":"https:\/\/www.linkarya.com\/en\/international-global-mobility\/#breadcrumb","itemListElement":[{"@type":"ListItem","position":1,"name":"Portada","item":"https:\/\/www.linkarya.com\/en\/home\/"},{"@type":"ListItem","position":2,"name":"International Global Mobility"}]},{"@type":"WebSite","@id":"https:\/\/www.linkarya.com\/en\/#website","url":"https:\/\/www.linkarya.com\/en\/","name":"LINKARYA Coaching Global","description":"Consultora especializada en coaching de comunicaci\u00f3n y liderazgo global. Acompa\u00f1amos a l\u00edderes, equipos e independientes en entornos internacionales y remotos.","publisher":{"@id":"https:\/\/www.linkarya.com\/en\/#organization"},"alternateName":"LINKARYA","potentialAction":[{"@type":"SearchAction","target":{"@type":"EntryPoint","urlTemplate":"https:\/\/www.linkarya.com\/en\/?s={search_term_string}"},"query-input":{"@type":"PropertyValueSpecification","valueRequired":true,"valueName":"search_term_string"}}],"inLanguage":"en-US"},{"@type":"Organization","@id":"https:\/\/www.linkarya.com\/en\/#organization","name":"LINKARYA Coaching Global","alternateName":"LINKARYA","url":"https:\/\/www.linkarya.com\/en\/","logo":{"@type":"ImageObject","inLanguage":"en-US","@id":"https:\/\/www.linkarya.com\/en\/#\/schema\/logo\/image\/","url":"https:\/\/www.linkarya.com\/wp-content\/uploads\/2025\/11\/linkarya-business-coach-anagrama.svg","contentUrl":"https:\/\/www.linkarya.com\/wp-content\/uploads\/2025\/11\/linkarya-business-coach-anagrama.svg","width":"1024","height":"1024","caption":"LINKARYA Coaching Global"},"image":{"@id":"https:\/\/www.linkarya.com\/en\/#\/schema\/logo\/image\/"}}]}},"_links":{"self":[{"href":"https:\/\/www.linkarya.com\/en\/wp-json\/wp\/v2\/pages\/397","targetHints":{"allow":["GET"]}}],"collection":[{"href":"https:\/\/www.linkarya.com\/en\/wp-json\/wp\/v2\/pages"}],"about":[{"href":"https:\/\/www.linkarya.com\/en\/wp-json\/wp\/v2\/types\/page"}],"author":[{"embeddable":true,"href":"https:\/\/www.linkarya.com\/en\/wp-json\/wp\/v2\/users\/1"}],"replies":[{"embeddable":true,"href":"https:\/\/www.linkarya.com\/en\/wp-json\/wp\/v2\/comments?post=397"}],"version-history":[{"count":3,"href":"https:\/\/www.linkarya.com\/en\/wp-json\/wp\/v2\/pages\/397\/revisions"}],"predecessor-version":[{"id":400,"href":"https:\/\/www.linkarya.com\/en\/wp-json\/wp\/v2\/pages\/397\/revisions\/400"}],"wp:attachment":[{"href":"https:\/\/www.linkarya.com\/en\/wp-json\/wp\/v2\/media?parent=397"}],"curies":[{"name":"wp","href":"https:\/\/api.w.org\/{rel}","templated":true}]}}