{"id":417,"date":"2025-11-06T08:16:41","date_gmt":"2025-11-06T07:16:41","guid":{"rendered":"https:\/\/www.linkarya.com\/self-employed-freelancers-and-entrepreneurs\/"},"modified":"2025-12-31T11:08:40","modified_gmt":"2025-12-31T10:08:40","slug":"self-employed-freelancers-and-entrepreneurs","status":"publish","type":"page","link":"https:\/\/www.linkarya.com\/en\/self-employed-freelancers-and-entrepreneurs\/","title":{"rendered":"Self-employed, Freelancers, and Entrepreneurs"},"content":{"rendered":"<section class=\"l-section wpb_row height_auto color_primary with_img\"><div class=\"l-section-img\" role=\"img\" aria-label=\"Coaching para emprendedores y profesionales independientes que buscan equilibrio y foco.\" data-img-width=\"1500\" data-img-height=\"750\" style=\"background-image: url(https:\/\/www.linkarya.com\/wp-content\/uploads\/2025\/11\/Coaching-para-emprendedores-y-profesionales-independientes-que-buscan-equilibrio-y-foco.jpg);background-position: top center;\"><\/div><div class=\"l-section-overlay\" style=\"background:var(--color-custom-grad, var(--color-custom) )\"><\/div><div class=\"l-section-h i-cf\"><div class=\"g-cols vc_row via_grid cols_1 laptops-cols_inherit tablets-cols_inherit mobiles-cols_1 valign_top type_default stacking_default\"><div class=\"wpb_column vc_column_container\"><div class=\"vc_column-inner\"><div class=\"w-vwrapper us_custom_92736a44 align_none valign_middle\"><h1 class=\"w-text us_custom_e4036a2f\"><span class=\"w-text-h\"><span class=\"w-text-value\">Coaching for independent professionals seeking focus, balance, and connection.<\/span><\/span><\/h1><\/div><\/div><\/div><\/div><\/div><\/section><section class=\"l-section wpb_row height_medium\"><div class=\"l-section-h i-cf\"><div class=\"g-cols vc_row via_grid cols_2 laptops-cols_inherit tablets-cols_inherit mobiles-cols_1 valign_top type_default stacking_default\"><div class=\"wpb_column vc_column_container\"><div class=\"vc_column-inner\"><h2 class=\"w-text\"><span class=\"w-text-h\"><span class=\"w-text-value\">You are not alone<\/span><\/span><\/h2><div class=\"wpb_text_column\"><div class=\"wpb_wrapper\"><p><span>We support entrepreneurs, freelancers, and solo professionals who want to strengthen their motivation, regain clarity, and return to enjoying their work with a meaningful purpose.<\/span><\/p>\n<p>Being a freelancer, entrepreneur, or digital nomad is a psynonym freedom, but it also means uncertainty. It is an exciting journey, but it is also a lonely one. You work work remotely quite often without a team that backs you up or mentors who can support you. Decisions are made under constant pressure to move forward.<\/p>\n<p>LINKARYA is here to support professionals who need clarity, motivation, and more effective communication to face challenges and boost their projects.<\/p>\n<\/div><\/div><\/div><\/div><div class=\"wpb_column vc_column_container us_custom_0d43d332 has_bg_color\"><div class=\"vc_column-inner\"><\/div><\/div><\/div><\/div><\/section><section class=\"l-section wpb_row height_medium color_primary\"><div class=\"l-section-h i-cf\"><div class=\"g-cols vc_row via_grid cols_2-3 laptops-cols_inherit tablets-cols_inherit mobiles-cols_1 valign_top type_default stacking_default\"><div class=\"wpb_column vc_column_container\"><div class=\"vc_column-inner\"><h2 class=\"w-text\"><span class=\"w-text-h\"><span class=\"w-text-value\">Is this service what I need?<\/span><\/span><\/h2><div class=\"wpb_text_column\"><div class=\"wpb_wrapper\"><p>We support you and help you pause, manage your energy and resources, and regain the motivation that led you to start your business in the first place.<\/p>\n<p>This process is designed for you if you recognize any of these challenges:<\/p>\n<\/div><\/div><\/div><\/div><div class=\"wpb_column vc_column_container\"><div class=\"vc_column-inner\"><div class=\"g-cols wpb_row via_grid cols_1 laptops-cols_inherit tablets-cols_inherit mobiles-cols_1 valign_top type_default stacking_default\" style=\"--columns-gap:0.8rem;\"><div class=\"wpb_column vc_column_container\"><div class=\"vc_column-inner\"><div class=\"w-hwrapper valign_top align_none\" style=\"--hwrapper-gap:0.8rem\"><div class=\"w-iconbox iconpos_top style_default color_secondary align_left no_text no_title\"><div class=\"w-iconbox-icon\" style=\"font-size:30px;\"><i class=\"material-icons\">check_circle<\/i><\/div><div class=\"w-iconbox-meta\"><\/div><\/div><div class=\"wpb_text_column\"><div class=\"wpb_wrapper\"><p>You work on your own regularly and remotely.<\/p>\n<\/div><\/div><\/div><\/div><\/div><div class=\"wpb_column vc_column_container\"><div class=\"vc_column-inner\"><div class=\"w-hwrapper valign_top align_none\" style=\"--hwrapper-gap:0.8rem\"><div class=\"w-iconbox iconpos_top style_default color_secondary align_left no_text no_title\"><div class=\"w-iconbox-icon\" style=\"font-size:30px;\"><i class=\"material-icons\">check_circle<\/i><\/div><div class=\"w-iconbox-meta\"><\/div><\/div><div class=\"wpb_text_column\"><div class=\"wpb_wrapper\"><p><span>You feel the weight of &#8220;the self-employed\u00b4s loneliness&#8221;<\/span><\/p>\n<\/div><\/div><\/div><\/div><\/div><div class=\"wpb_column vc_column_container\"><div class=\"vc_column-inner\"><div class=\"w-hwrapper valign_top align_none\" style=\"--hwrapper-gap:0.8rem\"><div class=\"w-iconbox iconpos_top style_default color_secondary align_left no_text no_title\"><div class=\"w-iconbox-icon\" style=\"font-size:30px;\"><i class=\"material-icons\">check_circle<\/i><\/div><div class=\"w-iconbox-meta\"><\/div><\/div><div class=\"wpb_text_column\"><div class=\"wpb_wrapper\"><p>You find it difficult to explain clearly what you do\/offer in a convincing way.<span><br \/>\n<\/span><\/p>\n<\/div><\/div><\/div><\/div><\/div><div class=\"wpb_column vc_column_container\"><div class=\"vc_column-inner\"><div class=\"w-hwrapper valign_top align_none\" style=\"--hwrapper-gap:0.8rem\"><div class=\"w-iconbox iconpos_top style_default color_secondary align_left no_text no_title\"><div class=\"w-iconbox-icon\" style=\"font-size:30px;\"><i class=\"material-icons\">check_circle<\/i><\/div><div class=\"w-iconbox-meta\"><\/div><\/div><div class=\"wpb_text_column\"><div class=\"wpb_wrapper\"><p>You carry decisions, doubts, or mental blocks without real support and in silence.<\/p>\n<\/div><\/div><\/div><\/div><\/div><div class=\"wpb_column vc_column_container\"><div class=\"vc_column-inner\"><div class=\"w-hwrapper valign_top align_none\" style=\"--hwrapper-gap:0.8rem\"><div class=\"w-iconbox iconpos_top style_default color_secondary align_left no_text no_title\"><div class=\"w-iconbox-icon\" style=\"font-size:30px;\"><i class=\"material-icons\">check_circle<\/i><\/div><div class=\"w-iconbox-meta\"><\/div><\/div><div class=\"wpb_text_column\"><div class=\"wpb_wrapper\"><p><span>You&#8217;ve lost focus\/motivation and don&#8217;t know how to move forward.<\/span><\/p>\n<\/div><\/div><\/div><\/div><\/div><div class=\"wpb_column vc_column_container\"><div class=\"vc_column-inner\"><div class=\"w-hwrapper valign_top align_none\" style=\"--hwrapper-gap:0.8rem\"><div class=\"w-iconbox iconpos_top style_default color_secondary align_left no_text no_title\"><div class=\"w-iconbox-icon\" style=\"font-size:30px;\"><i class=\"material-icons\">check_circle<\/i><\/div><div class=\"w-iconbox-meta\"><\/div><\/div><div class=\"wpb_text_column\"><div class=\"wpb_wrapper\"><p>Self-doubt. You have doubts about your project and feel disconnected from your message or your purpose.<\/p>\n<\/div><\/div><\/div><\/div><\/div><div class=\"wpb_column vc_column_container\"><div class=\"vc_column-inner\"><div class=\"w-hwrapper valign_top align_none\" style=\"--hwrapper-gap:0.8rem\"><div class=\"w-iconbox iconpos_top style_default color_secondary align_left no_text no_title\"><div class=\"w-iconbox-icon\" style=\"font-size:30px;\"><i class=\"material-icons\">check_circle<\/i><\/div><div class=\"w-iconbox-meta\"><\/div><\/div><div class=\"wpb_text_column\"><div class=\"wpb_wrapper\"><p>You need a space for reflection to evaluate progress and goals, and to make better decisions.<\/p>\n<\/div><\/div><\/div><\/div><\/div><div class=\"wpb_column vc_column_container\"><div class=\"vc_column-inner\"><div class=\"w-hwrapper valign_top align_none\" style=\"--hwrapper-gap:0.8rem\"><div class=\"w-iconbox iconpos_top style_default color_secondary align_left no_text no_title\"><div class=\"w-iconbox-icon\" style=\"font-size:30px;\"><i class=\"material-icons\">check_circle<\/i><\/div><div class=\"w-iconbox-meta\"><\/div><\/div><div class=\"wpb_text_column\"><div class=\"wpb_wrapper\"><p>Your collaborators are ghosting you.<\/p>\n<\/div><\/div><\/div><\/div><\/div><div class=\"wpb_column vc_column_container\"><div class=\"vc_column-inner\"><div class=\"w-hwrapper valign_top align_none\" style=\"--hwrapper-gap:0.8rem\"><div class=\"w-iconbox iconpos_top style_default color_secondary align_left no_text no_title\"><div class=\"w-iconbox-icon\" style=\"font-size:30px;\"><i class=\"material-icons\">check_circle<\/i><\/div><div class=\"w-iconbox-meta\"><\/div><\/div><div class=\"wpb_text_column\"><div class=\"wpb_wrapper\"><p>You start to feel down or burned out.<\/p>\n<\/div><\/div><\/div><\/div><\/div><\/div><\/div><\/div><\/div><\/div><\/section><section class=\"l-section wpb_row height_medium\"><div class=\"l-section-h i-cf\"><div class=\"g-cols vc_row via_grid cols_2 laptops-cols_inherit tablets-cols_inherit mobiles-cols_1 valign_top type_default reversed stacking_default\"><div class=\"wpb_column vc_column_container us_custom_ee5c650d has_bg_color\"><div class=\"vc_column-inner\"><\/div><\/div><div class=\"wpb_column vc_column_container\"><div class=\"vc_column-inner\"><h2 class=\"w-text\"><span class=\"w-text-h\"><span class=\"w-text-value\">What coaching can add to your working lifestyle<\/span><\/span><\/h2><div class=\"g-cols wpb_row via_grid cols_1 laptops-cols_inherit tablets-cols_inherit mobiles-cols_1 valign_top type_default stacking_default\" style=\"--columns-gap:0.8rem;\"><div class=\"wpb_column vc_column_container\"><div class=\"vc_column-inner\"><div class=\"w-hwrapper valign_top align_none\" style=\"--hwrapper-gap:0.8rem\"><div class=\"w-iconbox iconpos_top style_default color_secondary align_left no_text no_title\"><div class=\"w-iconbox-icon\" style=\"font-size:30px;\"><i class=\"material-icons\">check_circle<\/i><\/div><div class=\"w-iconbox-meta\"><\/div><\/div><div class=\"wpb_text_column\"><div class=\"wpb_wrapper\"><p><span>Regain clarity about your vision and priorities.<\/span><\/p>\n<\/div><\/div><\/div><\/div><\/div><div class=\"wpb_column vc_column_container\"><div class=\"vc_column-inner\"><div class=\"w-hwrapper valign_top align_none\" style=\"--hwrapper-gap:0.8rem\"><div class=\"w-iconbox iconpos_top style_default color_secondary align_left no_text no_title\"><div class=\"w-iconbox-icon\" style=\"font-size:30px;\"><i class=\"material-icons\">check_circle<\/i><\/div><div class=\"w-iconbox-meta\"><\/div><\/div><div class=\"wpb_text_column\"><div class=\"wpb_wrapper\"><p>Learn to communicate what you offer with authenticity, clarity, and structure.<\/p>\n<\/div><\/div><\/div><\/div><\/div><div class=\"wpb_column vc_column_container\"><div class=\"vc_column-inner\"><div class=\"w-hwrapper valign_top align_none\" style=\"--hwrapper-gap:0.8rem\"><div class=\"w-iconbox iconpos_top style_default color_secondary align_left no_text no_title\"><div class=\"w-iconbox-icon\" style=\"font-size:30px;\"><i class=\"material-icons\">check_circle<\/i><\/div><div class=\"w-iconbox-meta\"><\/div><\/div><div class=\"wpb_text_column\"><div class=\"wpb_wrapper\"><p>Improve communication and strategic creation with your collaborators.<\/p>\n<\/div><\/div><\/div><\/div><\/div><div class=\"wpb_column vc_column_container\"><div class=\"vc_column-inner\"><div class=\"w-hwrapper valign_top align_none\" style=\"--hwrapper-gap:0.8rem\"><div class=\"w-iconbox iconpos_top style_default color_secondary align_left no_text no_title\"><div class=\"w-iconbox-icon\" style=\"font-size:30px;\"><i class=\"material-icons\">check_circle<\/i><\/div><div class=\"w-iconbox-meta\"><\/div><\/div><div class=\"wpb_text_column\"><div class=\"wpb_wrapper\"><p><span>You strengthen your confidence in making decisions and introducing yourself and your projects to others.<\/span><\/p>\n<\/div><\/div><\/div><\/div><\/div><div class=\"wpb_column vc_column_container\"><div class=\"vc_column-inner\"><div class=\"w-hwrapper valign_top align_none\" style=\"--hwrapper-gap:0.8rem\"><div class=\"w-iconbox iconpos_top style_default color_secondary align_left no_text no_title\"><div class=\"w-iconbox-icon\" style=\"font-size:30px;\"><i class=\"material-icons\">check_circle<\/i><\/div><div class=\"w-iconbox-meta\"><\/div><\/div><div class=\"wpb_text_column\"><div class=\"wpb_wrapper\"><p>Find focus, structure, and connection with your true self and at your own pace.<\/p>\n<\/div><\/div><\/div><\/div><\/div><div class=\"wpb_column vc_column_container\"><div class=\"vc_column-inner\"><div class=\"w-hwrapper valign_top align_none\" style=\"--hwrapper-gap:0.8rem\"><div class=\"w-iconbox iconpos_top style_default color_secondary align_left no_text no_title\"><div class=\"w-iconbox-icon\" style=\"font-size:30px;\"><i class=\"material-icons\">check_circle<\/i><\/div><div class=\"w-iconbox-meta\"><\/div><\/div><div class=\"wpb_text_column\"><div class=\"wpb_wrapper\"><p>Regain motivation without losing yourself in productivity-related goals.<\/p>\n<\/div><\/div><\/div><\/div><\/div><div class=\"wpb_column vc_column_container\"><div class=\"vc_column-inner\"><div class=\"w-hwrapper valign_top align_none\" style=\"--hwrapper-gap:0.8rem\"><div class=\"w-iconbox iconpos_top style_default color_secondary align_left no_text no_title\"><div class=\"w-iconbox-icon\" style=\"font-size:30px;\"><i class=\"material-icons\">check_circle<\/i><\/div><div class=\"w-iconbox-meta\"><\/div><\/div><div class=\"wpb_text_column\"><div class=\"wpb_wrapper\"><p>Confidence to overcome impostor syndrome.<\/p>\n<\/div><\/div><\/div><\/div><\/div><div class=\"wpb_column vc_column_container\"><div class=\"vc_column-inner\"><div class=\"w-hwrapper valign_top align_none\" style=\"--hwrapper-gap:0.8rem\"><div class=\"w-iconbox iconpos_top style_default color_secondary align_left no_text no_title\"><div class=\"w-iconbox-icon\" style=\"font-size:30px;\"><i class=\"material-icons\">check_circle<\/i><\/div><div class=\"w-iconbox-meta\"><\/div><\/div><div class=\"wpb_text_column\"><div class=\"wpb_wrapper\"><p>Combat business loneliness.<\/p>\n<\/div><\/div><\/div><\/div><\/div><div class=\"wpb_column vc_column_container\"><div class=\"vc_column-inner\"><div class=\"w-hwrapper valign_top align_none\" style=\"--hwrapper-gap:0.8rem\"><div class=\"w-iconbox iconpos_top style_default color_secondary align_left no_text no_title\"><div class=\"w-iconbox-icon\" style=\"font-size:30px;\"><i class=\"material-icons\">check_circle<\/i><\/div><div class=\"w-iconbox-meta\"><\/div><\/div><div class=\"wpb_text_column\"><div class=\"wpb_wrapper\"><p>An overall healthier work environment.<\/p>\n<\/div><\/div><\/div><\/div><\/div><\/div><\/div><\/div><\/div><\/div><\/section><section class=\"l-section wpb_row height_medium color_alternate\"><div class=\"l-section-h i-cf\"><div class=\"g-cols vc_row via_grid cols_1 laptops-cols_inherit tablets-cols_inherit mobiles-cols_1 valign_top type_default stacking_default\"><div class=\"wpb_column vc_column_container\"><div class=\"vc_column-inner\"><h2 class=\"w-text\"><span class=\"w-text-h\"><span class=\"w-text-value\">Two different support systems to choose<\/span><\/span><\/h2><div class=\"wpb_text_column\"><div class=\"wpb_wrapper\"><p>We can support you in two different ways depending on your needs and level of involvement.<\/p>\n<p>Both services can be combined or alternated to accompany you through the different phases of your personal and professional development.<\/p>\n<\/div><\/div><div class=\"w-separator size_small\"><\/div><div class=\"g-cols wpb_row via_grid cols_2 laptops-cols_inherit tablets-cols_inherit mobiles-cols_1 valign_top type_default stacking_default\" style=\"--columns-gap:30px;\"><div class=\"wpb_column vc_column_container us_custom_c1fafa5f has_bg_color\"><div class=\"vc_column-inner\"><h3 class=\"w-text\"><span class=\"w-text-h\"><span class=\"w-text-value\">Coaching 1:1<\/span><\/span><\/h3><div class=\"wpb_text_column\"><div class=\"wpb_wrapper\"><p>Individual 60-minute coaching and consulting sessions focused on your personal and professional challenges, tailored to your own pace and availability.<\/p>\n<\/div><\/div><\/div><\/div><div class=\"wpb_column vc_column_container us_custom_c1fafa5f has_bg_color\"><div class=\"vc_column-inner\"><h2 class=\"w-text\"><span class=\"w-text-h\"><span class=\"w-text-value\">LINKARYA circles<\/span><\/span><\/h2><div class=\"wpb_text_column\"><div class=\"wpb_wrapper\"><p>Small support groups for professionals. A space for coaching\/training, reflection, goal sharing and reviewing, mutual support, encouragement, and co-creation where we work on trust, communication, and common purpose.<\/p>\n<\/div><\/div><\/div><\/div><\/div><\/div><\/div><\/div><\/div><\/section><section class=\"l-section wpb_row height_medium\"><div class=\"l-section-h i-cf\"><div class=\"g-cols vc_row via_grid cols_1 laptops-cols_inherit tablets-cols_inherit mobiles-cols_1 valign_top type_default stacking_default\"><div class=\"wpb_column vc_column_container us_custom_0e1215f5 has_text_color has_bg_color\"><div class=\"vc_column-inner\"><div class=\"g-cols wpb_row via_grid cols_1-2 laptops-cols_inherit tablets-cols_inherit mobiles-cols_1 valign_top type_default reversed stacking_default\" style=\"--columns-gap:3rem;\"><div class=\"wpb_column vc_column_container us_custom_33394bce has_bg_color\"><div class=\"vc_column-inner\"><\/div><\/div><div class=\"wpb_column vc_column_container us_custom_e2368e3e\"><div class=\"vc_column-inner\"><h2 class=\"w-text\"><span class=\"w-text-h\"><span class=\"w-text-value\">Begin your personal journey<\/span><\/span><\/h2><div class=\"wpb_text_column\"><div class=\"wpb_wrapper\"><p><span>Take the first step toward regaining clarity, balance, and confidence in your project. Schedule a free session and discover how we can help you move forward meaningfully.<\/span><\/p>\n<\/div><\/div><div class=\"w-separator size_small\"><\/div><div class=\"w-hwrapper valign_top align_justify\"><div class=\"w-btn-wrapper align_left\"><a class=\"w-btn us-btn-style_1\" href=\"https:\/\/calendly.com\/booking-cita\/session?month=2025-11\"><span class=\"w-btn-label\">Book a session<\/span><\/a><\/div><div class=\"w-btn-wrapper align_none\"><a class=\"w-btn us-btn-style_1\" href=\"https:\/\/www.linkarya.com\/contacto\/\"><span class=\"w-btn-label\">Contact LINKARYA<\/span><\/a><\/div><\/div><\/div><\/div><\/div><\/div><\/div><\/div><\/div><\/section>\n","protected":false},"excerpt":{"rendered":"Coaching for independent professionals seeking focus, balance, and connection.You are not aloneWe support entrepreneurs, freelancers, and solo professionals who want to strengthen their motivation, regain clarity, and return to enjoying their work with a meaningful purpose. Being a freelancer, entrepreneur, or digital nomad is a psynonym freedom, but it also means uncertainty. It is an...","protected":false},"author":1,"featured_media":0,"parent":0,"menu_order":0,"comment_status":"closed","ping_status":"closed","template":"","meta":{"footnotes":""},"class_list":["post-417","page","type-page","status-publish","hentry"],"yoast_head":"<!-- This site is optimized with the Yoast SEO plugin v27.4 - https:\/\/yoast.com\/product\/yoast-seo-wordpress\/ -->\n<title>Coaching for entrepreneurs and independent professionals | LINKARYA<\/title>\n<meta name=\"description\" content=\"Regain motivation, focus, and confidence in your project. LINKARYA supports you with professional coaching for self-employed workers and freelancers.\" \/>\n<meta name=\"robots\" content=\"noindex, follow, max-snippet:-1, max-image-preview:large, max-video-preview:-1\" \/>\n<meta property=\"og:locale\" content=\"en_US\" \/>\n<meta property=\"og:type\" content=\"article\" \/>\n<meta property=\"og:title\" content=\"Coaching for entrepreneurs and independent professionals | LINKARYA\" \/>\n<meta property=\"og:description\" content=\"Regain motivation, focus, and confidence in your project. LINKARYA supports you with professional coaching for self-employed workers and freelancers.\" \/>\n<meta property=\"og:url\" content=\"https:\/\/www.linkarya.com\/en\/self-employed-freelancers-and-entrepreneurs\/\" \/>\n<meta property=\"og:site_name\" content=\"Linkarya\" \/>\n<meta property=\"article:modified_time\" content=\"2025-12-31T10:08:40+00:00\" \/>\n<meta name=\"twitter:card\" content=\"summary_large_image\" \/>\n<meta name=\"twitter:label1\" content=\"Est. reading time\" \/>\n\t<meta name=\"twitter:data1\" content=\"9 minutes\" \/>\n<!-- \/ Yoast SEO plugin. -->","yoast_head_json":{"title":"Coaching for entrepreneurs and independent professionals | LINKARYA","description":"Regain motivation, focus, and confidence in your project. LINKARYA supports you with professional coaching for self-employed workers and freelancers.","robots":{"index":"noindex","follow":"follow","max-snippet":"max-snippet:-1","max-image-preview":"max-image-preview:large","max-video-preview":"max-video-preview:-1"},"og_locale":"en_US","og_type":"article","og_title":"Coaching for entrepreneurs and independent professionals | LINKARYA","og_description":"Regain motivation, focus, and confidence in your project. LINKARYA supports you with professional coaching for self-employed workers and freelancers.","og_url":"https:\/\/www.linkarya.com\/en\/self-employed-freelancers-and-entrepreneurs\/","og_site_name":"Linkarya","article_modified_time":"2025-12-31T10:08:40+00:00","twitter_card":"summary_large_image","twitter_misc":{"Est. reading time":"9 minutes"},"schema":{"@context":"https:\/\/schema.org","@graph":[{"@type":"WebPage","@id":"https:\/\/www.linkarya.com\/en\/self-employed-freelancers-and-entrepreneurs\/","url":"https:\/\/www.linkarya.com\/en\/self-employed-freelancers-and-entrepreneurs\/","name":"Coaching for entrepreneurs and independent professionals | LINKARYA","isPartOf":{"@id":"https:\/\/www.linkarya.com\/en\/#website"},"datePublished":"2025-11-06T07:16:41+00:00","dateModified":"2025-12-31T10:08:40+00:00","description":"Regain motivation, focus, and confidence in your project. LINKARYA supports you with professional coaching for self-employed workers and freelancers.","breadcrumb":{"@id":"https:\/\/www.linkarya.com\/en\/self-employed-freelancers-and-entrepreneurs\/#breadcrumb"},"inLanguage":"en-US","potentialAction":[{"@type":"ReadAction","target":["https:\/\/www.linkarya.com\/en\/self-employed-freelancers-and-entrepreneurs\/"]}]},{"@type":"BreadcrumbList","@id":"https:\/\/www.linkarya.com\/en\/self-employed-freelancers-and-entrepreneurs\/#breadcrumb","itemListElement":[{"@type":"ListItem","position":1,"name":"Portada","item":"https:\/\/www.linkarya.com\/en\/home\/"},{"@type":"ListItem","position":2,"name":"Self-employed, Freelancers, and Entrepreneurs"}]},{"@type":"WebSite","@id":"https:\/\/www.linkarya.com\/en\/#website","url":"https:\/\/www.linkarya.com\/en\/","name":"LINKARYA Coaching Global","description":"Consultora especializada en coaching de comunicaci\u00f3n y liderazgo global. Acompa\u00f1amos a l\u00edderes, equipos e independientes en entornos internacionales y remotos.","publisher":{"@id":"https:\/\/www.linkarya.com\/en\/#organization"},"alternateName":"LINKARYA","potentialAction":[{"@type":"SearchAction","target":{"@type":"EntryPoint","urlTemplate":"https:\/\/www.linkarya.com\/en\/?s={search_term_string}"},"query-input":{"@type":"PropertyValueSpecification","valueRequired":true,"valueName":"search_term_string"}}],"inLanguage":"en-US"},{"@type":"Organization","@id":"https:\/\/www.linkarya.com\/en\/#organization","name":"LINKARYA Coaching Global","alternateName":"LINKARYA","url":"https:\/\/www.linkarya.com\/en\/","logo":{"@type":"ImageObject","inLanguage":"en-US","@id":"https:\/\/www.linkarya.com\/en\/#\/schema\/logo\/image\/","url":"https:\/\/www.linkarya.com\/wp-content\/uploads\/2025\/11\/linkarya-business-coach-anagrama.svg","contentUrl":"https:\/\/www.linkarya.com\/wp-content\/uploads\/2025\/11\/linkarya-business-coach-anagrama.svg","width":"1024","height":"1024","caption":"LINKARYA Coaching Global"},"image":{"@id":"https:\/\/www.linkarya.com\/en\/#\/schema\/logo\/image\/"}}]}},"_links":{"self":[{"href":"https:\/\/www.linkarya.com\/en\/wp-json\/wp\/v2\/pages\/417","targetHints":{"allow":["GET"]}}],"collection":[{"href":"https:\/\/www.linkarya.com\/en\/wp-json\/wp\/v2\/pages"}],"about":[{"href":"https:\/\/www.linkarya.com\/en\/wp-json\/wp\/v2\/types\/page"}],"author":[{"embeddable":true,"href":"https:\/\/www.linkarya.com\/en\/wp-json\/wp\/v2\/users\/1"}],"replies":[{"embeddable":true,"href":"https:\/\/www.linkarya.com\/en\/wp-json\/wp\/v2\/comments?post=417"}],"version-history":[{"count":2,"href":"https:\/\/www.linkarya.com\/en\/wp-json\/wp\/v2\/pages\/417\/revisions"}],"predecessor-version":[{"id":419,"href":"https:\/\/www.linkarya.com\/en\/wp-json\/wp\/v2\/pages\/417\/revisions\/419"}],"wp:attachment":[{"href":"https:\/\/www.linkarya.com\/en\/wp-json\/wp\/v2\/media?parent=417"}],"curies":[{"name":"wp","href":"https:\/\/api.w.org\/{rel}","templated":true}]}}