{"id":483,"date":"2025-11-06T08:17:23","date_gmt":"2025-11-06T07:17:23","guid":{"rendered":"https:\/\/www.linkarya.com\/blog\/"},"modified":"2026-01-26T14:16:37","modified_gmt":"2026-01-26T13:16:37","slug":"blog","status":"publish","type":"page","link":"https:\/\/www.linkarya.com\/en\/blog\/","title":{"rendered":"Blog"},"content":{"rendered":"<section class=\"l-section wpb_row height_auto color_primary with_img\"><div class=\"l-section-img\" role=\"img\" aria-label=\"Blog LINKARYA. Coaching para empresas, equipos y emprendedores\" data-img-width=\"1500\" data-img-height=\"750\" style=\"background-image: url(https:\/\/www.linkarya.com\/wp-content\/uploads\/2025\/11\/Blog-LINKARYA.-Coaching-para-empresas-equipos-y-emprendedores.jpg);background-position: top center;\"><\/div><div class=\"l-section-overlay\" style=\"background:var(--color-custom-grad, var(--color-custom) )\"><\/div><div class=\"l-section-h i-cf\"><div class=\"g-cols vc_row via_grid cols_1 laptops-cols_inherit tablets-cols_inherit mobiles-cols_1 valign_top type_default stacking_default\"><div class=\"wpb_column vc_column_container\"><div class=\"vc_column-inner\"><div class=\"w-vwrapper us_custom_92736a44 align_none valign_middle\"><h1 class=\"w-text us_custom_e4036a2f\"><span class=\"w-text-h\"><span class=\"w-text-value\">LINKARYA Blog. Coaching for companies, teams, and entrepreneurs<\/span><\/span><\/h1><\/div><\/div><\/div><\/div><\/div><\/section><section class=\"l-section wpb_row height_medium\"><div class=\"l-section-h i-cf\"><div class=\"g-cols vc_row via_grid cols_1 laptops-cols_inherit tablets-cols_inherit mobiles-cols_1 valign_top type_default stacking_default\"><div class=\"wpb_column vc_column_container\"><div class=\"vc_column-inner\"><div class=\"w-grid us_post_list type_grid layout_blog_1 cols_3 preload_style_spinner\" id=\"us_post_list_cdd6\" style=\"--columns:3;--gap:1.5rem;\"><style>@media (max-width:1050px){#us_post_list_cdd6{--columns:2!important}}@media (max-width:900px){#us_post_list_cdd6{--columns:1!important}}.layout_blog_1 .w-grid-item-h{}.layout_blog_1 .usg_post_image_1{margin-bottom:0.5rem!important}.layout_blog_1 .usg_post_title_1{font-size:1rem!important}<\/style><div class=\"w-grid-list\">\t<article class=\"w-grid-item size_1x1 post-557 post type-post status-publish format-standard has-post-thumbnail hentry category-sin-categoria tag-coaching-in-spain tag-collaboration-training-for-teams tag-communication-training tag-communication-workshops-for-remote-teams tag-communications-and-leadership-coaching tag-cross-cultural-teams tag-cultural-intelligence-training tag-global-team-communication-training tag-intercultural-communication-coaching tag-international-teams tag-remote-team-communication-workshop tag-team-building-for-multicultural-teams tag-teambuilding tag-workshops tag-workshops-in-spain-for-global-teams\" data-id=\"557\">\r\n\t\t<div class=\"w-grid-item-h\">\r\n\t\t\t\t\t\t\t<a href=\"https:\/\/www.linkarya.com\/en\/global-team-communication-training-international-teams\/\" class=\"w-grid-item-anchor\" aria-label=\"Global Team Communication Training: Building Stronger Bridges Between International Teams.\"><\/a>\r\n\t\t\t\t\t\t<div class=\"w-post-elm post_image usg_post_image_1 stretched\"><img decoding=\"async\" width=\"1024\" height=\"683\" src=\"https:\/\/www.linkarya.com\/wp-content\/uploads\/2026\/03\/IMAGEN-PORTADA-1024x683.jpg\" class=\"attachment-large size-large wp-post-image\" alt=\"\" srcset=\"https:\/\/www.linkarya.com\/wp-content\/uploads\/2026\/03\/IMAGEN-PORTADA-1024x683.jpg 1024w, https:\/\/www.linkarya.com\/wp-content\/uploads\/2026\/03\/IMAGEN-PORTADA-300x200.jpg 300w, https:\/\/www.linkarya.com\/wp-content\/uploads\/2026\/03\/IMAGEN-PORTADA.jpg 1536w\" sizes=\"(max-width: 1024px) 100vw, 1024px\" \/><\/div><h2 class=\"w-post-elm post_title usg_post_title_1 entry-title color_link_inherit\">Global Team Communication Training: Building Stronger Bridges Between International Teams.<\/h2>\t\t<\/div>\r\n\t\t\t<\/article>\r\n\t<article class=\"w-grid-item size_1x1 post-570 post type-post status-publish format-standard has-post-thumbnail hentry category-global-mobility category-work-abroad tag-adaptacion-a-nuevo-pais tag-communication-coaching tag-cross-cultural-teams-2 tag-family-and-work tag-global-mobility tag-global-teams tag-international-coaching tag-life-changes tag-moving-for-work tag-moving-to-a-new-country-with-your-partner tag-moving-to-spain tag-moving-with-your-family-to-a-new-country tag-multicultural-company tag-solitude-at-work tag-work-identity tag-work-in-a-new-country tag-working-overseas-coaching\" data-id=\"570\">\r\n\t\t<div class=\"w-grid-item-h\">\r\n\t\t\t\t\t\t\t<a href=\"https:\/\/www.linkarya.com\/en\/mudarse-por-trabajo-lo-que-nadie-te-explica\/\" class=\"w-grid-item-anchor\" aria-label=\"Moving for Work: What Nobody Will Tell You\"><\/a>\r\n\t\t\t\t\t\t<div class=\"w-post-elm post_image usg_post_image_1 stretched\"><img decoding=\"async\" width=\"1024\" height=\"683\" src=\"https:\/\/www.linkarya.com\/wp-content\/uploads\/2026\/02\/COACHIN_INTERNACIONAL-1024x683.jpg\" class=\"attachment-large size-large wp-post-image\" alt=\"\" srcset=\"https:\/\/www.linkarya.com\/wp-content\/uploads\/2026\/02\/COACHIN_INTERNACIONAL-1024x683.jpg 1024w, https:\/\/www.linkarya.com\/wp-content\/uploads\/2026\/02\/COACHIN_INTERNACIONAL-300x200.jpg 300w, https:\/\/www.linkarya.com\/wp-content\/uploads\/2026\/02\/COACHIN_INTERNACIONAL.jpg 1536w\" sizes=\"(max-width: 1024px) 100vw, 1024px\" \/><\/div><h2 class=\"w-post-elm post_title usg_post_title_1 entry-title color_link_inherit\">Moving for Work: What Nobody Will Tell You<\/h2>\t\t<\/div>\r\n\t\t\t<\/article>\r\n<\/div><div class=\"g-loadmore hidden\"><div class=\"g-preloader type_1\"><div><\/div><\/div><\/div><div class=\"w-grid-list-json hidden\" onclick='return {&quot;max_num_pages&quot;:0,&quot;paginationBase&quot;:&quot;page&quot;,&quot;pagination&quot;:&quot;none&quot;,&quot;paged&quot;:1,&quot;ajaxData&quot;:{&quot;action&quot;:&quot;us_ajax_post_list&quot;,&quot;meta_type&quot;:&quot;post&quot;,&quot;object_id&quot;:0,&quot;template_vars&quot;:{&quot;shortcode_base&quot;:&quot;us_post_list&quot;,&quot;paged&quot;:1,&quot;max_num_pages&quot;:0,&quot;no_results&quot;:false,&quot;us_post_content_design_css&quot;:[],&quot;found_posts&quot;:0,&quot;per_page&quot;:12,&quot;items_count&quot;:2,&quot;orderby_random_seed&quot;:null,&quot;source&quot;:&quot;all&quot;,&quot;ids&quot;:&quot;&quot;,&quot;post_type&quot;:&quot;post&quot;,&quot;attachment_ids&quot;:null,&quot;include_post_thumbnail&quot;:0,&quot;post_author&quot;:&quot;any&quot;,&quot;post_author_ids&quot;:&quot;&quot;,&quot;apply_url_params&quot;:0,&quot;ignore_sticky_posts&quot;:1,&quot;exclude_children&quot;:0,&quot;exclude_current_post&quot;:1,&quot;exclude_prev_posts&quot;:0,&quot;exclude_past_events&quot;:0,&quot;enable_items_offset&quot;:0,&quot;items_offset&quot;:&quot;1&quot;,&quot;tax_query_relation&quot;:&quot;none&quot;,&quot;tax_query&quot;:[{&quot;operator&quot;:&quot;IN&quot;,&quot;taxonomy&quot;:&quot;category&quot;,&quot;terms&quot;:&quot;&quot;,&quot;include_children&quot;:0}],&quot;meta_query_relation&quot;:&quot;none&quot;,&quot;meta_query&quot;:[{&quot;key&quot;:&quot;custom_field_name&quot;,&quot;compare&quot;:&quot;=&quot;,&quot;value&quot;:&quot;&quot;}],&quot;orderby&quot;:&quot;date&quot;,&quot;orderby_custom_field&quot;:&quot;&quot;,&quot;orderby_custom_type&quot;:0,&quot;order_invert&quot;:&quot;1&quot;,&quot;show_all&quot;:0,&quot;quantity&quot;:&quot;12&quot;,&quot;posts_per_archive_page&quot;:0,&quot;no_items_action&quot;:&quot;message&quot;,&quot;no_items_message&quot;:&quot;No results found.&quot;,&quot;no_items_page_block&quot;:&quot;&quot;,&quot;pagination&quot;:&quot;none&quot;,&quot;pagination_style&quot;:&quot;&quot;,&quot;pagination_btn_text&quot;:&quot;Load More&quot;,&quot;pagination_btn_size&quot;:&quot;&quot;,&quot;pagination_btn_style&quot;:&quot;1&quot;,&quot;pagination_btn_fullwidth&quot;:0,&quot;items_layout&quot;:&quot;blog_1&quot;,&quot;type&quot;:&quot;grid&quot;,&quot;items_valign&quot;:0,&quot;ignore_items_size&quot;:0,&quot;columns&quot;:&quot;3&quot;,&quot;items_gap&quot;:&quot;1.5rem&quot;,&quot;load_animation&quot;:&quot;none&quot;,&quot;items_preload_style&quot;:&quot;spinner&quot;,&quot;img_size&quot;:&quot;default&quot;,&quot;title_size&quot;:&quot;&quot;,&quot;items_ratio&quot;:&quot;default&quot;,&quot;items_ratio_width&quot;:&quot;21&quot;,&quot;items_ratio_height&quot;:&quot;9&quot;,&quot;overriding_link&quot;:&quot;%7B%22type%22%3A%22post%22%7D&quot;,&quot;popup_page_template&quot;:&quot;0&quot;,&quot;popup_width&quot;:&quot;&quot;,&quot;popup_arrows&quot;:1,&quot;breakpoint_1_width&quot;:&quot;1381px&quot;,&quot;breakpoint_1_cols&quot;:&quot;default&quot;,&quot;breakpoint_1_quantity&quot;:&quot;&quot;,&quot;breakpoint_1_gap&quot;:&quot;&quot;,&quot;breakpoint_2_width&quot;:&quot;1051px&quot;,&quot;breakpoint_2_cols&quot;:&quot;2&quot;,&quot;breakpoint_2_quantity&quot;:&quot;&quot;,&quot;breakpoint_2_gap&quot;:&quot;&quot;,&quot;breakpoint_3_width&quot;:&quot;901px&quot;,&quot;breakpoint_3_cols&quot;:&quot;1&quot;,&quot;breakpoint_3_quantity&quot;:&quot;&quot;,&quot;breakpoint_3_gap&quot;:&quot;&quot;,&quot;conditions_operator&quot;:&quot;always&quot;,&quot;conditions&quot;:[],&quot;css&quot;:null,&quot;el_class&quot;:&quot;&quot;,&quot;el_id&quot;:&quot;&quot;,&quot;enable_custom_html_atts&quot;:0,&quot;custom_html_atts&quot;:null,&quot;hide_on_states&quot;:&quot;&quot;,&quot;hide_for_sticky&quot;:0,&quot;hide_for_not_sticky&quot;:0,&quot;hide_below&quot;:&quot;0px&quot;,&quot;hide_above&quot;:&quot;0px&quot;,&quot;classes&quot;:&quot;&quot;},&quot;found_posts&quot;:0,&quot;per_page&quot;:12},&quot;facetedFilter&quot;:[]}'><\/div><\/div><\/div><\/div><\/div><\/div><\/section>\n","protected":false},"excerpt":{"rendered":"Moving for work sounds like an exciting experience: a new city, a new country, more competitive salaries, and new opportunities. We all imagine ourselves growing professionally, thriving, making \u201cthe big leap.\u201d But the reality is more complex than how it is often portrayed. There is something that almost no one explains when you sign that...","protected":false},"author":1,"featured_media":0,"parent":0,"menu_order":0,"comment_status":"closed","ping_status":"closed","template":"","meta":{"footnotes":""},"class_list":["post-483","page","type-page","status-publish","hentry"],"yoast_head":"<!-- This site is optimized with the Yoast SEO plugin v27.4 - https:\/\/yoast.com\/product\/yoast-seo-wordpress\/ -->\n<title>Connect with LINKARYA | Coaching and professional communication<\/title>\n<meta name=\"description\" content=\"Articles on coaching, communication, and global leadership. Discover LINKARYA&#039;s resources for professionals and international teams.\" \/>\n<meta name=\"robots\" content=\"noindex, follow, max-snippet:-1, max-image-preview:large, max-video-preview:-1\" \/>\n<meta property=\"og:locale\" content=\"en_US\" \/>\n<meta property=\"og:type\" content=\"article\" \/>\n<meta property=\"og:title\" content=\"Connect with LINKARYA | Coaching and professional communication\" \/>\n<meta property=\"og:description\" content=\"Articles on coaching, communication, and global leadership. Discover LINKARYA&#039;s resources for professionals and international teams.\" \/>\n<meta property=\"og:url\" content=\"https:\/\/www.linkarya.com\/en\/blog\/\" \/>\n<meta property=\"og:site_name\" content=\"Linkarya\" \/>\n<meta property=\"article:modified_time\" content=\"2026-01-26T13:16:37+00:00\" \/>\n<meta name=\"twitter:card\" content=\"summary_large_image\" \/>\n<meta name=\"twitter:label1\" content=\"Est. reading time\" \/>\n\t<meta name=\"twitter:data1\" content=\"1 minute\" \/>\n<!-- \/ Yoast SEO plugin. -->","yoast_head_json":{"title":"Connect with LINKARYA | Coaching and professional communication","description":"Articles on coaching, communication, and global leadership. Discover LINKARYA's resources for professionals and international teams.","robots":{"index":"noindex","follow":"follow","max-snippet":"max-snippet:-1","max-image-preview":"max-image-preview:large","max-video-preview":"max-video-preview:-1"},"og_locale":"en_US","og_type":"article","og_title":"Connect with LINKARYA | Coaching and professional communication","og_description":"Articles on coaching, communication, and global leadership. Discover LINKARYA's resources for professionals and international teams.","og_url":"https:\/\/www.linkarya.com\/en\/blog\/","og_site_name":"Linkarya","article_modified_time":"2026-01-26T13:16:37+00:00","twitter_card":"summary_large_image","twitter_misc":{"Est. reading time":"1 minute"},"schema":{"@context":"https:\/\/schema.org","@graph":[{"@type":"WebPage","@id":"https:\/\/www.linkarya.com\/en\/blog\/","url":"https:\/\/www.linkarya.com\/en\/blog\/","name":"Connect with LINKARYA | Coaching and professional communication","isPartOf":{"@id":"https:\/\/www.linkarya.com\/en\/#website"},"datePublished":"2025-11-06T07:17:23+00:00","dateModified":"2026-01-26T13:16:37+00:00","description":"Articles on coaching, communication, and global leadership. Discover LINKARYA's resources for professionals and international teams.","breadcrumb":{"@id":"https:\/\/www.linkarya.com\/en\/blog\/#breadcrumb"},"inLanguage":"en-US","potentialAction":[{"@type":"ReadAction","target":["https:\/\/www.linkarya.com\/en\/blog\/"]}]},{"@type":"BreadcrumbList","@id":"https:\/\/www.linkarya.com\/en\/blog\/#breadcrumb","itemListElement":[{"@type":"ListItem","position":1,"name":"Portada","item":"https:\/\/www.linkarya.com\/en\/home\/"},{"@type":"ListItem","position":2,"name":"Blog"}]},{"@type":"WebSite","@id":"https:\/\/www.linkarya.com\/en\/#website","url":"https:\/\/www.linkarya.com\/en\/","name":"LINKARYA Coaching Global","description":"Consultora especializada en coaching de comunicaci\u00f3n y liderazgo global. Acompa\u00f1amos a l\u00edderes, equipos e independientes en entornos internacionales y remotos.","publisher":{"@id":"https:\/\/www.linkarya.com\/en\/#organization"},"alternateName":"LINKARYA","potentialAction":[{"@type":"SearchAction","target":{"@type":"EntryPoint","urlTemplate":"https:\/\/www.linkarya.com\/en\/?s={search_term_string}"},"query-input":{"@type":"PropertyValueSpecification","valueRequired":true,"valueName":"search_term_string"}}],"inLanguage":"en-US"},{"@type":"Organization","@id":"https:\/\/www.linkarya.com\/en\/#organization","name":"LINKARYA Coaching Global","alternateName":"LINKARYA","url":"https:\/\/www.linkarya.com\/en\/","logo":{"@type":"ImageObject","inLanguage":"en-US","@id":"https:\/\/www.linkarya.com\/en\/#\/schema\/logo\/image\/","url":"https:\/\/www.linkarya.com\/wp-content\/uploads\/2025\/11\/linkarya-business-coach-anagrama.svg","contentUrl":"https:\/\/www.linkarya.com\/wp-content\/uploads\/2025\/11\/linkarya-business-coach-anagrama.svg","width":"1024","height":"1024","caption":"LINKARYA Coaching Global"},"image":{"@id":"https:\/\/www.linkarya.com\/en\/#\/schema\/logo\/image\/"}}]}},"_links":{"self":[{"href":"https:\/\/www.linkarya.com\/en\/wp-json\/wp\/v2\/pages\/483","targetHints":{"allow":["GET"]}}],"collection":[{"href":"https:\/\/www.linkarya.com\/en\/wp-json\/wp\/v2\/pages"}],"about":[{"href":"https:\/\/www.linkarya.com\/en\/wp-json\/wp\/v2\/types\/page"}],"author":[{"embeddable":true,"href":"https:\/\/www.linkarya.com\/en\/wp-json\/wp\/v2\/users\/1"}],"replies":[{"embeddable":true,"href":"https:\/\/www.linkarya.com\/en\/wp-json\/wp\/v2\/comments?post=483"}],"version-history":[{"count":1,"href":"https:\/\/www.linkarya.com\/en\/wp-json\/wp\/v2\/pages\/483\/revisions"}],"predecessor-version":[{"id":484,"href":"https:\/\/www.linkarya.com\/en\/wp-json\/wp\/v2\/pages\/483\/revisions\/484"}],"wp:attachment":[{"href":"https:\/\/www.linkarya.com\/en\/wp-json\/wp\/v2\/media?parent=483"}],"curies":[{"name":"wp","href":"https:\/\/api.w.org\/{rel}","templated":true}]}}