{"id":485,"date":"2024-09-17T07:30:19","date_gmt":"2024-09-17T05:30:19","guid":{"rendered":"https:\/\/www.linkarya.com\/contact\/"},"modified":"2026-01-26T14:19:54","modified_gmt":"2026-01-26T13:19:54","slug":"contact","status":"publish","type":"page","link":"https:\/\/www.linkarya.com\/en\/contact\/","title":{"rendered":"Contact"},"content":{"rendered":"<section class=\"l-section wpb_row height_auto color_primary with_img\"><div class=\"l-section-img\" role=\"img\" aria-label=\"Conecta contigo y con los dem\u00e1s a trav\u00e9s de una comunicaci\u00f3n m\u00e1s aut\u00e9ntica.\" data-img-width=\"1500\" data-img-height=\"728\" style=\"background-image: url(https:\/\/www.linkarya.com\/wp-content\/uploads\/2025\/11\/Conecta-contigo-y-con-los-demas-a-traves-de-una-comunicacion-mas-autentica.jpg);background-position: top center;\"><\/div><div class=\"l-section-overlay\" style=\"background:var(--color-custom-grad, var(--color-custom) )\"><\/div><div class=\"l-section-h i-cf\"><div class=\"g-cols vc_row via_grid cols_1 laptops-cols_inherit tablets-cols_inherit mobiles-cols_1 valign_top type_default stacking_default\"><div class=\"wpb_column vc_column_container\"><div class=\"vc_column-inner\"><div class=\"w-vwrapper us_custom_92736a44 align_none valign_middle\"><h1 class=\"w-text us_custom_e4036a2f\"><span class=\"w-text-h\"><span class=\"w-text-value\">Connect with LINKARYA and take the first step toward clearer, more human communication<\/span><\/span><\/h1><\/div><\/div><\/div><\/div><\/div><\/section><section class=\"l-section wpb_row height_medium\"><div class=\"l-section-h i-cf\"><div class=\"g-cols vc_row via_grid cols_2 laptops-cols_inherit tablets-cols_inherit mobiles-cols_1 valign_top type_default stacking_default\" style=\"--columns-gap:58px;\"><div class=\"wpb_column vc_column_container\"><div class=\"vc_column-inner\"><div class=\"wpb_text_column\"><div class=\"wpb_wrapper\"><h3>Contact LINKARYA<\/h3>\n<p>Get in touch with us or book an initial, no-obligation assessment session:<\/p>\n<\/div><\/div><div class=\"w-separator size_small\"><\/div><div class=\"w-btn-wrapper align_none\"><a class=\"w-btn us-btn-style_1\" target=\"_blank\" href=\"https:\/\/calendly.com\/booking-cita\/session?month=2025-11\"><span class=\"w-btn-label\">Book a session<\/span><\/a><\/div><div class=\"w-separator size_small\"><\/div><form class=\"w-form  us-field-style_1 layout_ver show_message_after_sending for_cform us_form_1\" action=\"https:\/\/www.linkarya.com\/en\/wp-json\/wp\/v2\/pages\/485\" method=\"post\"><div class=\"w-form-h\"><div class=\"w-form-row for_text required with_icon cols_2\">\r\n\t\t<div class=\"w-form-row-field\">\r\n\t\t\t\t<i class=\"material-icons\">person<\/i>\t\t<input aria-label=\"Nombre\" type=\"text\" name=\"us_form_1_text_1\" value placeholder=\"Nombre *\" data-required=\"true\" aria-required=\"true\"\/>\r\n\t\t\t<\/div>\r\n\t\t<div class=\"w-form-row-state\">Fill out this field<\/div>\r\n<\/div>\r\n<div class=\"w-form-row for_text required with_icon cols_2\">\r\n\t\t<div class=\"w-form-row-field\">\r\n\t\t\t\t<i class=\"material-icons\">business_center<\/i>\t\t<input aria-label=\"Empresa\" type=\"text\" name=\"us_form_1_text_2\" value placeholder=\"Empresa *\" data-required=\"true\" aria-required=\"true\"\/>\r\n\t\t\t<\/div>\r\n\t\t<div class=\"w-form-row-state\">Fill out this field<\/div>\r\n<\/div>\r\n<div class=\"w-form-row for_text required with_icon cols_2\">\r\n\t\t<div class=\"w-form-row-field\">\r\n\t\t\t\t<i class=\"material-icons\">smartphone<\/i>\t\t<input aria-label=\"Tel\u00e9fono\" type=\"text\" name=\"us_form_1_text_3\" value placeholder=\"Tel\u00e9fono *\" data-required=\"true\" aria-required=\"true\"\/>\r\n\t\t\t<\/div>\r\n\t\t<div class=\"w-form-row-state\">Fill out this field<\/div>\r\n<\/div>\r\n<div class=\"w-form-row for_email required with_icon cols_2\">\r\n\t\t<div class=\"w-form-row-field\">\r\n\t\t\t\t<i class=\"material-icons\">mail<\/i>\t\t<input aria-label=\"Correo electr\u00f3nico\" type=\"email\" name=\"us_form_1_email_1\" value placeholder=\"Correo electr\u00f3nico *\" data-required=\"true\" aria-required=\"true\"\/>\r\n\t\t\t<\/div>\r\n\t\t<div class=\"w-form-row-state\">Please enter a valid email address.<\/div>\r\n<\/div>\r\n<div class=\"w-form-row for_textarea\">\r\n\t\t<div class=\"w-form-row-field\">\r\n\t\t\t\t\t\t<textarea aria-label=\"Mensaje\" name=\"us_form_1_textarea_1\" placeholder=\"Mensaje\"><\/textarea>\r\n\t\t\t<\/div>\r\n\t\t<div class=\"w-form-row-state\">Fill out this field<\/div>\r\n<\/div>\r\n<div class=\"w-form-row for_agreement required\">\r\n\t\t<div class=\"w-form-row-field\">\r\n\t\t\t\t<label>\r\n\t\t\t<input type=\"checkbox\" value=\"1\" data-required=\"true\" aria-required=\"true\" name=\"us_form_1_agreement_1\"\/>\r\n\t\t\t<span><a href=\"https:\/\/www.linkarya.com\/inicio\/proteccion-de-datos\/\" target=\"_blank\" rel=\"noopener\">Acepto las condiciones legales<\/a> Justificaci\u00f3n: Necesaria para atender las solicitudes.<\/span>\r\n\t\t<\/label>\r\n\t\t\t<\/div>\r\n\t\t<div class=\"w-form-row-state\">You need to agree with the terms to proceed<\/div>\r\n<\/div>\r\n<div class=\"w-form-row for_captcha required\">\r\n\t<div class=\"w-form-row-label\">\r\n\t\t<span> <span>25 - 11 = ?<\/span><\/span>\r\n\t<\/div>\r\n\t<div class=\"w-form-row-field\">\r\n\t\t\t\t<input type=\"hidden\" name=\"us_form_1_captcha_1_hash\" value=\"f9a8c772d0ddf0bdf782ebfb2d2d30e0\" \/>\r\n\t\t\t\t<input aria-label=\"us_form_1_captcha_1\" type=\"text\" name=\"us_form_1_captcha_1\" placeholder data-required=\"true\" aria-required=\"true\"\/>\r\n\t\t\t<\/div>\r\n\t\t<div class=\"w-form-row-state\">Enter the equation result to proceed<\/div>\r\n<\/div>\r\n<input type=\"hidden\" name=\"action\" value=\"us_ajax_cform\" \/>\r\n<input type=\"hidden\" name=\"post_id\" value=\"49\" \/>\r\n<input type=\"hidden\" name=\"form_index\" value=\"1\" \/>\r\n<div class=\"w-form-row for_submit align_none\"><button class=\"w-btn us-btn-style_1\" type=\"submit\" aria-label=\"Submit\"><span class=\"g-preloader type_1\"><\/span><span class=\"w-btn-label\">Submit<\/span><\/button><\/div><\/div><div class=\"w-form-message\"><\/div><div class=\"w-form-json hidden\" onclick='return {&quot;ajaxurl&quot;:&quot;https:\\\/\\\/www.linkarya.com\\\/wp-admin\\\/admin-ajax.php&quot;,&quot;messages&quot;:{&quot;err_empty&quot;:&quot;Fill out this field&quot;,&quot;err_size&quot;:&quot;File size cannot exceed %s MB&quot;,&quot;err_extension&quot;:&quot;%s file type is not allowed&quot;,&quot;err_recaptcha_keys&quot;:&quot;reCAPTCHA keys are incorrect&quot;}}'><\/div><\/form>\n<\/div><\/div><div class=\"wpb_column vc_column_container\"><div class=\"vc_column-inner\"><div class=\"w-iconbox us_custom_343a6660 iconpos_left style_default color_primary align_left no_text\"><a target=\"_blank\" href=\"https:\/\/www.google.com\/maps\/place\/C.+de+la+Gardenia,+1,+28109+Alcobendas,+Madrid\/@40.5299166,-3.6394154,17z\/data=!3m1!4b1!4m5!3m4!1s0xd422c5b9a5b5f01:0x55c3b5a287093104!8m2!3d40.5299126!4d-3.6368405?authuser=0&amp;entry=ttu&amp;g_ep=EgoyMDI1MTEwNC4xIKXMDSoASAFQAw==\" class=\"w-iconbox-link\" aria-label=\"Gardenia 1, 28109 Alcobendas Madrid\"><div class=\"w-iconbox-icon\" style=\"font-size:2rem;\"><i class=\"material-icons\">location_on<\/i><\/div><\/a><div class=\"w-iconbox-meta\"><div class=\"w-iconbox-title\"><a target=\"_blank\" href=\"https:\/\/www.google.com\/maps\/place\/C.+de+la+Gardenia,+1,+28109+Alcobendas,+Madrid\/@40.5299166,-3.6394154,17z\/data=!3m1!4b1!4m5!3m4!1s0xd422c5b9a5b5f01:0x55c3b5a287093104!8m2!3d40.5299126!4d-3.6368405?authuser=0&amp;entry=ttu&amp;g_ep=EgoyMDI1MTEwNC4xIKXMDSoASAFQAw==\" class=\"w-iconbox-link\" aria-label=\"Gardenia 1, 28109 Alcobendas Madrid\">Gardenia 1, 28109 Alcobendas Madrid<\/a><\/div><\/div><\/div><div class=\"w-separator size_small\"><\/div><div class=\"w-iconbox us_custom_343a6660 iconpos_left style_default color_primary align_left no_text\"><a target=\"_blank\" href=\"tel:+34680804073\" class=\"w-iconbox-link\" aria-label=\"+34680804073\"><div class=\"w-iconbox-icon\" style=\"font-size:2rem;\"><i class=\"material-icons\">phone<\/i><\/div><\/a><div class=\"w-iconbox-meta\"><div class=\"w-iconbox-title\"><a target=\"_blank\" href=\"tel:+34680804073\" class=\"w-iconbox-link\" aria-label=\"+34680804073\">+34680804073<\/a><\/div><\/div><\/div><div class=\"w-separator size_small\"><\/div><div class=\"w-iconbox us_custom_343a6660 iconpos_left style_default color_primary align_left no_text\"><a target=\"_blank\" href=\"mailto:info@linkarya.com\" class=\"w-iconbox-link\" aria-label=\"info@linkarya.com\"><div class=\"w-iconbox-icon\" style=\"font-size:2rem;\"><i class=\"material-icons\">mail<\/i><\/div><\/a><div class=\"w-iconbox-meta\"><div class=\"w-iconbox-title\"><a target=\"_blank\" href=\"mailto:info@linkarya.com\" class=\"w-iconbox-link\" aria-label=\"info@linkarya.com\">info@linkarya.com<\/a><\/div><\/div><\/div><div class=\"w-separator size_medium\"><\/div><div class=\"w-map provider_osm us_custom_ad22d5c8\" id=\"us_map_1\"><div class=\"w-map-inner\"><div class=\"w-map-json\" onclick='return {&quot;address&quot;:&quot;40.53007566386671, -3.6368190450023756&quot;,&quot;disableDragging&quot;:1,&quot;disableZoom&quot;:1,&quot;hideControls&quot;:1,&quot;zoom&quot;:18,&quot;markers&quot;:[{&quot;address&quot;:&quot;40.53007566386671, -3.6368190450023756&quot;,&quot;html&quot;:&quot;Av. de la Ermita, 2&quot;,&quot;infowindow&quot;:0}],&quot;style&quot;:&quot;https:\\\/\\\/{s}.basemaps.cartocdn.com\\\/light_all\\\/{z}\\\/{x}\\\/{y}{r}.png&quot;}'><\/div><\/div><\/div><\/div><\/div><\/div><\/div><\/section>\n","protected":false},"excerpt":{"rendered":"Connect with LINKARYA and take the first step toward clearer, more human communicationContact LINKARYA Get in touch with us or book an initial, no-obligation assessment session: Book a session person Fill out this field business_center Fill out this field smartphone Fill out this field mail Please enter a valid email address. Fill out this field...","protected":false},"author":1,"featured_media":0,"parent":0,"menu_order":0,"comment_status":"closed","ping_status":"closed","template":"","meta":{"footnotes":""},"class_list":["post-485","page","type-page","status-publish","hentry"],"yoast_head":"<!-- This site is optimized with the Yoast SEO plugin v27.4 - https:\/\/yoast.com\/product\/yoast-seo-wordpress\/ -->\n<title>LINKARYA Blog | Communication, Leadership, and Global Coaching<\/title>\n<meta name=\"description\" content=\"Contact LINKARYA and take the first step toward more human, clear, and effective communication in your professional environment.\" \/>\n<meta name=\"robots\" content=\"noindex, follow, max-snippet:-1, max-image-preview:large, max-video-preview:-1\" \/>\n<meta property=\"og:locale\" content=\"en_US\" \/>\n<meta property=\"og:type\" content=\"article\" \/>\n<meta property=\"og:title\" content=\"LINKARYA Blog | Communication, Leadership, and Global Coaching\" \/>\n<meta property=\"og:description\" content=\"Contact LINKARYA and take the first step toward more human, clear, and effective communication in your professional environment.\" \/>\n<meta property=\"og:url\" content=\"https:\/\/www.linkarya.com\/en\/contact\/\" \/>\n<meta property=\"og:site_name\" content=\"Linkarya\" \/>\n<meta property=\"article:modified_time\" content=\"2026-01-26T13:19:54+00:00\" \/>\n<meta name=\"twitter:card\" content=\"summary_large_image\" \/>\n<meta name=\"twitter:label1\" content=\"Est. reading time\" \/>\n\t<meta name=\"twitter:data1\" content=\"2 minutes\" \/>\n<!-- \/ Yoast SEO plugin. -->","yoast_head_json":{"title":"LINKARYA Blog | Communication, Leadership, and Global Coaching","description":"Contact LINKARYA and take the first step toward more human, clear, and effective communication in your professional environment.","robots":{"index":"noindex","follow":"follow","max-snippet":"max-snippet:-1","max-image-preview":"max-image-preview:large","max-video-preview":"max-video-preview:-1"},"og_locale":"en_US","og_type":"article","og_title":"LINKARYA Blog | Communication, Leadership, and Global Coaching","og_description":"Contact LINKARYA and take the first step toward more human, clear, and effective communication in your professional environment.","og_url":"https:\/\/www.linkarya.com\/en\/contact\/","og_site_name":"Linkarya","article_modified_time":"2026-01-26T13:19:54+00:00","twitter_card":"summary_large_image","twitter_misc":{"Est. reading time":"2 minutes"},"schema":{"@context":"https:\/\/schema.org","@graph":[{"@type":"WebPage","@id":"https:\/\/www.linkarya.com\/en\/contact\/","url":"https:\/\/www.linkarya.com\/en\/contact\/","name":"LINKARYA Blog | Communication, Leadership, and Global Coaching","isPartOf":{"@id":"https:\/\/www.linkarya.com\/en\/#website"},"datePublished":"2024-09-17T05:30:19+00:00","dateModified":"2026-01-26T13:19:54+00:00","description":"Contact LINKARYA and take the first step toward more human, clear, and effective communication in your professional environment.","breadcrumb":{"@id":"https:\/\/www.linkarya.com\/en\/contact\/#breadcrumb"},"inLanguage":"en-US","potentialAction":[{"@type":"ReadAction","target":["https:\/\/www.linkarya.com\/en\/contact\/"]}]},{"@type":"BreadcrumbList","@id":"https:\/\/www.linkarya.com\/en\/contact\/#breadcrumb","itemListElement":[{"@type":"ListItem","position":1,"name":"Portada","item":"https:\/\/www.linkarya.com\/en\/home\/"},{"@type":"ListItem","position":2,"name":"Contact"}]},{"@type":"WebSite","@id":"https:\/\/www.linkarya.com\/en\/#website","url":"https:\/\/www.linkarya.com\/en\/","name":"LINKARYA Coaching Global","description":"Consultora especializada en coaching de comunicaci\u00f3n y liderazgo global. Acompa\u00f1amos a l\u00edderes, equipos e independientes en entornos internacionales y remotos.","publisher":{"@id":"https:\/\/www.linkarya.com\/en\/#organization"},"alternateName":"LINKARYA","potentialAction":[{"@type":"SearchAction","target":{"@type":"EntryPoint","urlTemplate":"https:\/\/www.linkarya.com\/en\/?s={search_term_string}"},"query-input":{"@type":"PropertyValueSpecification","valueRequired":true,"valueName":"search_term_string"}}],"inLanguage":"en-US"},{"@type":"Organization","@id":"https:\/\/www.linkarya.com\/en\/#organization","name":"LINKARYA Coaching Global","alternateName":"LINKARYA","url":"https:\/\/www.linkarya.com\/en\/","logo":{"@type":"ImageObject","inLanguage":"en-US","@id":"https:\/\/www.linkarya.com\/en\/#\/schema\/logo\/image\/","url":"https:\/\/www.linkarya.com\/wp-content\/uploads\/2025\/11\/linkarya-business-coach-anagrama.svg","contentUrl":"https:\/\/www.linkarya.com\/wp-content\/uploads\/2025\/11\/linkarya-business-coach-anagrama.svg","width":"1024","height":"1024","caption":"LINKARYA Coaching Global"},"image":{"@id":"https:\/\/www.linkarya.com\/en\/#\/schema\/logo\/image\/"}}]}},"_links":{"self":[{"href":"https:\/\/www.linkarya.com\/en\/wp-json\/wp\/v2\/pages\/485","targetHints":{"allow":["GET"]}}],"collection":[{"href":"https:\/\/www.linkarya.com\/en\/wp-json\/wp\/v2\/pages"}],"about":[{"href":"https:\/\/www.linkarya.com\/en\/wp-json\/wp\/v2\/types\/page"}],"author":[{"embeddable":true,"href":"https:\/\/www.linkarya.com\/en\/wp-json\/wp\/v2\/users\/1"}],"replies":[{"embeddable":true,"href":"https:\/\/www.linkarya.com\/en\/wp-json\/wp\/v2\/comments?post=485"}],"version-history":[{"count":2,"href":"https:\/\/www.linkarya.com\/en\/wp-json\/wp\/v2\/pages\/485\/revisions"}],"predecessor-version":[{"id":487,"href":"https:\/\/www.linkarya.com\/en\/wp-json\/wp\/v2\/pages\/485\/revisions\/487"}],"wp:attachment":[{"href":"https:\/\/www.linkarya.com\/en\/wp-json\/wp\/v2\/media?parent=485"}],"curies":[{"name":"wp","href":"https:\/\/api.w.org\/{rel}","templated":true}]}}